{"id":13775,"date":"2025-02-27T13:45:48","date_gmt":"2025-02-27T12:45:48","guid":{"rendered":"https:\/\/action.amnesty.ch\/?page_id=13775"},"modified":"2026-04-28T16:41:07","modified_gmt":"2026-04-28T14:41:07","slug":"gv-anmeldung-2026","status":"publish","type":"page","link":"https:\/\/action.amnesty.ch\/de\/gv-anmeldung-2026\/","title":{"rendered":"GV Anmeldung 2026"},"content":{"rendered":"","protected":false},"excerpt":{"rendered":"","protected":false},"author":23,"featured_media":0,"parent":0,"menu_order":0,"comment_status":"closed","ping_status":"closed","template":"","meta":{"_acf_changed":false,"_seopress_robots_primary_cat":"","_seopress_titles_title":"Amnesty International Schweiz | Generalversammlung 2026 | Anmeldung","_seopress_titles_desc":"Die diesj\u00e4hrige Generalversammlung findet am 9. Mai 2026 in der Eventfabrik Bern statt. \r\n\r\nDer Anmeldeschluss f\u00fcr Mitglieder ist der 30. M\u00e4rz 2026 und f\u00fcr die \u00d6ffentlichkeit der 29. April 2026. Bei Fragen darfst du dich gerne an gv@amnesty.ch wenden!","_seopress_robots_index":"","footnotes":""},"wf_page_folders":[1483],"class_list":["post-13775","page","type-page","status-publish","hentry"],"acf":[],"_links":{"self":[{"href":"https:\/\/action.amnesty.ch\/de\/wp-json\/wp\/v2\/pages\/13775","targetHints":{"allow":["GET"]}}],"collection":[{"href":"https:\/\/action.amnesty.ch\/de\/wp-json\/wp\/v2\/pages"}],"about":[{"href":"https:\/\/action.amnesty.ch\/de\/wp-json\/wp\/v2\/types\/page"}],"author":[{"embeddable":true,"href":"https:\/\/action.amnesty.ch\/de\/wp-json\/wp\/v2\/users\/23"}],"replies":[{"embeddable":true,"href":"https:\/\/action.amnesty.ch\/de\/wp-json\/wp\/v2\/comments?post=13775"}],"version-history":[{"count":2,"href":"https:\/\/action.amnesty.ch\/de\/wp-json\/wp\/v2\/pages\/13775\/revisions"}],"predecessor-version":[{"id":32366,"href":"https:\/\/action.amnesty.ch\/de\/wp-json\/wp\/v2\/pages\/13775\/revisions\/32366"}],"wp:attachment":[{"href":"https:\/\/action.amnesty.ch\/de\/wp-json\/wp\/v2\/media?parent=13775"}],"wp:term":[{"taxonomy":"wf_page_folders","embeddable":true,"href":"https:\/\/action.amnesty.ch\/de\/wp-json\/wp\/v2\/wf_page_folders?post=13775"}],"curies":[{"name":"wp","href":"https:\/\/api.w.org\/{rel}","templated":true}]}}