{"id":11957,"date":"2021-09-20T12:24:18","date_gmt":"2021-09-20T10:24:18","guid":{"rendered":"https:\/\/action.amnesty.ch\/?page_id=11957"},"modified":"2021-10-20T10:00:10","modified_gmt":"2021-10-20T08:00:10","slug":"amnesty-international-kinder-im-krieg","status":"publish","type":"page","link":"https:\/\/action.amnesty.ch\/de\/amnesty-international-kinder-im-krieg\/","title":{"rendered":"Amnesty International | Kinder im Krieg | Streuwurf | DE"},"content":{"rendered":"","protected":false},"excerpt":{"rendered":"","protected":false},"author":59,"featured_media":0,"parent":0,"menu_order":0,"comment_status":"closed","ping_status":"closed","template":"","meta":{"_acf_changed":false,"_seopress_robots_primary_cat":"","_seopress_titles_title":"Amnesty International | Hilfe f\u00fcr kriegsversehrte Kinder","_seopress_titles_desc":"Kinder sind im Krieg besonders bedroht. Helfen Sie uns, sie zu sch\u00fctzen und f\u00fcr Ihre Rechte einzustehen!","_seopress_robots_index":"","footnotes":""},"wf_page_folders":[1465],"class_list":["post-11957","page","type-page","status-publish","hentry"],"acf":[],"_links":{"self":[{"href":"https:\/\/action.amnesty.ch\/de\/wp-json\/wp\/v2\/pages\/11957","targetHints":{"allow":["GET"]}}],"collection":[{"href":"https:\/\/action.amnesty.ch\/de\/wp-json\/wp\/v2\/pages"}],"about":[{"href":"https:\/\/action.amnesty.ch\/de\/wp-json\/wp\/v2\/types\/page"}],"author":[{"embeddable":true,"href":"https:\/\/action.amnesty.ch\/de\/wp-json\/wp\/v2\/users\/59"}],"replies":[{"embeddable":true,"href":"https:\/\/action.amnesty.ch\/de\/wp-json\/wp\/v2\/comments?post=11957"}],"version-history":[{"count":0,"href":"https:\/\/action.amnesty.ch\/de\/wp-json\/wp\/v2\/pages\/11957\/revisions"}],"wp:attachment":[{"href":"https:\/\/action.amnesty.ch\/de\/wp-json\/wp\/v2\/media?parent=11957"}],"wp:term":[{"taxonomy":"wf_page_folders","embeddable":true,"href":"https:\/\/action.amnesty.ch\/de\/wp-json\/wp\/v2\/wf_page_folders?post=11957"}],"curies":[{"name":"wp","href":"https:\/\/api.w.org\/{rel}","templated":true}]}}