{"id":10422,"date":"2021-04-20T15:18:18","date_gmt":"2021-04-20T13:18:18","guid":{"rendered":"https:\/\/aichprod.wpengine.com\/?page_id=10422"},"modified":"2021-06-07T16:49:51","modified_gmt":"2021-06-07T14:49:51","slug":"spreadinghope-lgbti_newsletter","status":"publish","type":"page","link":"https:\/\/action.amnesty.ch\/de\/spreadinghope-lgbti_newsletter\/","title":{"rendered":"Amnesty International | Spreading Hope | LGBTI"},"content":{"rendered":"","protected":false},"excerpt":{"rendered":"","protected":false},"author":24,"featured_media":0,"parent":0,"menu_order":0,"comment_status":"closed","ping_status":"closed","template":"","meta":{"_acf_changed":false,"_seopress_robots_primary_cat":"","_seopress_titles_title":"Amnesty International | Spreading Hope | LGBTI*","_seopress_titles_desc":"Die polnischen LGBTI*-Aktivistinnen El\u017cbieta, Anna und Joanna wurden von der Anklage &quot;religi\u00f6se Gef\u00fchle&quot; verletzt zu haben, in erster Instanz freigesprochen.","_seopress_robots_index":"","footnotes":""},"wf_page_folders":[1145],"class_list":["post-10422","page","type-page","status-publish","hentry"],"acf":[],"_links":{"self":[{"href":"https:\/\/action.amnesty.ch\/de\/wp-json\/wp\/v2\/pages\/10422","targetHints":{"allow":["GET"]}}],"collection":[{"href":"https:\/\/action.amnesty.ch\/de\/wp-json\/wp\/v2\/pages"}],"about":[{"href":"https:\/\/action.amnesty.ch\/de\/wp-json\/wp\/v2\/types\/page"}],"author":[{"embeddable":true,"href":"https:\/\/action.amnesty.ch\/de\/wp-json\/wp\/v2\/users\/24"}],"replies":[{"embeddable":true,"href":"https:\/\/action.amnesty.ch\/de\/wp-json\/wp\/v2\/comments?post=10422"}],"version-history":[{"count":0,"href":"https:\/\/action.amnesty.ch\/de\/wp-json\/wp\/v2\/pages\/10422\/revisions"}],"wp:attachment":[{"href":"https:\/\/action.amnesty.ch\/de\/wp-json\/wp\/v2\/media?parent=10422"}],"wp:term":[{"taxonomy":"wf_page_folders","embeddable":true,"href":"https:\/\/action.amnesty.ch\/de\/wp-json\/wp\/v2\/wf_page_folders?post=10422"}],"curies":[{"name":"wp","href":"https:\/\/api.w.org\/{rel}","templated":true}]}}